{"id":961,"date":"2025-01-29T13:22:39","date_gmt":"2025-01-29T11:22:39","guid":{"rendered":"https:\/\/balticpremier.com\/elektroonika-utiliseerimine\/"},"modified":"2025-01-29T13:22:47","modified_gmt":"2025-01-29T11:22:47","slug":"elektroonika-utiliseerimine","status":"publish","type":"page","link":"https:\/\/balticpremier.com\/en\/elektroonika-utiliseerimine\/","title":{"rendered":"Elektroonika utiliseerimine"},"content":{"rendered":"\n<p>Tootjavastutusorganisatsioon EES-ringlus korraldab \u00fcleriigiliselt vana elektroonika, kasutatud patareide ja akude kogumist. Neil on \u00fcle-eestiline kogumisv\u00f5rgustik, kus tarbijad saavad oma elektroonikaromud, kasutatud patareid ja vanad akud tasuta \u00e4ra anda. Vaata\u00a0<a href=\"https:\/\/kuhuviia.ee\/\" target=\"_blank\" rel=\"noreferrer noopener\">kogumispunktide asukohti<\/a>.<\/p>\n\n\n\n<h2 class=\"wp-block-heading\">Mis saab mu tootest edasi?<\/h2>\n\n\n\n<p>Kogumispunktidesse viidud elektroonikaseadmed, akud ja patareid suunatakse edasisse k\u00e4itlusse ja taaskasutusse vastavalt kehtivatele seadustele.<br>Veendu, et oled seadmest enne selle \u00e4ra viskamist teisaldanud isiklikud andmed.<\/p>\n\n\n\n<h2 class=\"wp-block-heading\">Mida teha enne vana arvuti v\u00f5i nutiseadme ringlusse andmist?<\/h2>\n\n\n\n<p>On oluline t\u00e4helepanna, et oled nutiseadmest enne selle \u00e4ra viskamist teisaldanud isiklikud andmed ning sidunud selle lahti erinevatest kontodest ja rakendustest. Enne vana arvuti v\u00f5i nutiseadme ringlusse andmist tee kindlasti j\u00e4rgmist:<\/p>\n\n\n\n<ul class=\"wp-block-list\">\n<li>Kopeeri vajalikud andmed, failid, kontaktid.<\/li>\n\n\n\n<li>Eemalda kontod ja deaktiveeri telefoni kasutamist piiravad funktisoonid.<\/li>\n\n\n\n<li>Eemalda seadmest erinevad kaardid.<\/li>\n\n\n\n<li>Taasta nutiseadmes tehase algseaded.<\/li>\n<\/ul>\n\n\n\n<p>Rohkem infot leiad siit: <a href=\"https:\/\/elektroonikaromu.ee\/et\/elektroonikaromude-patareide-ja-vanade-akude-kogumiskohad\/\" target=\"_blank\" rel=\"noopener\" title=\"\">https:\/\/elektroonikaromu.ee\/et\/elektroonikaromude-patareide-ja-vanade-akude-kogumiskohad\/<\/a><\/p>\n","protected":false},"excerpt":{"rendered":"<p>Tootjavastutusorganisatsioon EES-ringlus korraldab \u00fcleriigiliselt vana elektroonika, kasutatud patareide ja akude kogumist. Neil on \u00fcle-eestiline kogumisv\u00f5rgustik, kus tarbijad saavad oma elektroonikaromud, kasutatud patareid ja vanad akud tasuta \u00e4ra anda. Vaata\u00a0kogumispunktide asukohti. Mis saab mu tootest edasi? Kogumispunktidesse viidud elektroonikaseadmed, akud ja patareid suunatakse edasisse k\u00e4itlusse ja taaskasutusse vastavalt kehtivatele seadustele.Veendu, et oled seadmest enne selle \u00e4ra [&hellip;]<\/p>\n","protected":false},"author":3,"featured_media":0,"parent":0,"menu_order":0,"comment_status":"closed","ping_status":"closed","template":"","meta":{"_acf_changed":false,"_monsterinsights_skip_tracking":false,"_monsterinsights_sitenote_active":false,"_monsterinsights_sitenote_note":"","_monsterinsights_sitenote_category":0,"footnotes":""},"class_list":["post-961","page","type-page","status-publish","hentry"],"acf":[],"aioseo_notices":[],"_links":{"self":[{"href":"https:\/\/balticpremier.com\/en\/wp-json\/wp\/v2\/pages\/961","targetHints":{"allow":["GET"]}}],"collection":[{"href":"https:\/\/balticpremier.com\/en\/wp-json\/wp\/v2\/pages"}],"about":[{"href":"https:\/\/balticpremier.com\/en\/wp-json\/wp\/v2\/types\/page"}],"author":[{"embeddable":true,"href":"https:\/\/balticpremier.com\/en\/wp-json\/wp\/v2\/users\/3"}],"replies":[{"embeddable":true,"href":"https:\/\/balticpremier.com\/en\/wp-json\/wp\/v2\/comments?post=961"}],"version-history":[{"count":1,"href":"https:\/\/balticpremier.com\/en\/wp-json\/wp\/v2\/pages\/961\/revisions"}],"predecessor-version":[{"id":963,"href":"https:\/\/balticpremier.com\/en\/wp-json\/wp\/v2\/pages\/961\/revisions\/963"}],"wp:attachment":[{"href":"https:\/\/balticpremier.com\/en\/wp-json\/wp\/v2\/media?parent=961"}],"curies":[{"name":"wp","href":"https:\/\/api.w.org\/{rel}","templated":true}]}}